{"id":113,"date":"2024-01-08T11:39:06","date_gmt":"2024-01-08T11:39:06","guid":{"rendered":"https:\/\/flowrozwoju.pl\/?page_id=113"},"modified":"2024-02-08T09:22:58","modified_gmt":"2024-02-08T09:22:58","slug":"o-mnie","status":"publish","type":"page","link":"https:\/\/flowrozwoju.pl\/index.php\/o-mnie\/","title":{"rendered":"O mnie"},"content":{"rendered":"\t\t<div data-elementor-type=\"wp-page\" data-elementor-id=\"113\" class=\"elementor elementor-113\" data-elementor-post-type=\"page\">\n\t\t\t\t\t\t\t<div data-particle_enable=\"false\" data-particle-mobile-disabled=\"false\" class=\"elementor-element elementor-element-c7a9edb e-flex e-con-boxed e-con e-parent\" data-id=\"c7a9edb\" data-element_type=\"container\" data-settings=\"{&quot;content_width&quot;:&quot;boxed&quot;}\" data-core-v316-plus=\"true\">\n\t\t\t\t\t<div class=\"e-con-inner\">\n\t\t\t\t<div class=\"elementor-element elementor-element-83738d7 elementor-widget elementor-widget-heading\" data-id=\"83738d7\" data-element_type=\"widget\" data-widget_type=\"heading.default\">\n\t\t\t\t<div class=\"elementor-widget-container\">\n\t\t\t<style>\/*! elementor - v3.18.0 - 20-12-2023 *\/\n.elementor-heading-title{padding:0;margin:0;line-height:1}.elementor-widget-heading .elementor-heading-title[class*=elementor-size-]>a{color:inherit;font-size:inherit;line-height:inherit}.elementor-widget-heading .elementor-heading-title.elementor-size-small{font-size:15px}.elementor-widget-heading .elementor-heading-title.elementor-size-medium{font-size:19px}.elementor-widget-heading .elementor-heading-title.elementor-size-large{font-size:29px}.elementor-widget-heading .elementor-heading-title.elementor-size-xl{font-size:39px}.elementor-widget-heading .elementor-heading-title.elementor-size-xxl{font-size:59px}<\/style><h2 class=\"elementor-heading-title elementor-size-default\">O mnie<\/h2>\t\t<\/div>\n\t\t\t\t<\/div>\n\t\t\t\t\t<\/div>\n\t\t\t\t<\/div>\n\t\t<div data-particle_enable=\"false\" data-particle-mobile-disabled=\"false\" class=\"elementor-element elementor-element-a14be4d e-flex e-con-boxed e-con e-parent\" data-id=\"a14be4d\" data-element_type=\"container\" data-settings=\"{&quot;content_width&quot;:&quot;boxed&quot;}\" data-core-v316-plus=\"true\">\n\t\t\t\t\t<div class=\"e-con-inner\">\n\t\t<div data-particle_enable=\"false\" data-particle-mobile-disabled=\"false\" class=\"elementor-element elementor-element-85146b4 e-con-full e-flex e-con e-child\" data-id=\"85146b4\" data-element_type=\"container\" data-settings=\"{&quot;content_width&quot;:&quot;full&quot;}\">\n\t\t\t\t<div class=\"elementor-element elementor-element-ddfacc3 elementor-widget elementor-widget-image\" data-id=\"ddfacc3\" data-element_type=\"widget\" data-widget_type=\"image.default\">\n\t\t\t\t<div class=\"elementor-widget-container\">\n\t\t\t<style>\/*! elementor - v3.18.0 - 20-12-2023 *\/\n.elementor-widget-image{text-align:center}.elementor-widget-image a{display:inline-block}.elementor-widget-image a img[src$=\".svg\"]{width:48px}.elementor-widget-image img{vertical-align:middle;display:inline-block}<\/style>\t\t\t\t\t\t\t\t\t\t\t\t<img fetchpriority=\"high\" decoding=\"async\" width=\"629\" height=\"825\" src=\"https:\/\/flowrozwoju.pl\/wp-content\/uploads\/2024\/02\/zdjecie-sa.jpeg\" class=\"attachment-full size-full wp-image-200\" alt=\"\" srcset=\"https:\/\/flowrozwoju.pl\/wp-content\/uploads\/2024\/02\/zdjecie-sa.jpeg 629w, https:\/\/flowrozwoju.pl\/wp-content\/uploads\/2024\/02\/zdjecie-sa-229x300.jpeg 229w\" sizes=\"(max-width: 629px) 100vw, 629px\" \/>\t\t\t\t\t\t\t\t\t\t\t\t\t\t\t<\/div>\n\t\t\t\t<\/div>\n\t\t\t\t<\/div>\n\t\t<div data-particle_enable=\"false\" data-particle-mobile-disabled=\"false\" class=\"elementor-element elementor-element-7f9000c e-con-full e-flex e-con e-child\" data-id=\"7f9000c\" data-element_type=\"container\" data-settings=\"{&quot;content_width&quot;:&quot;full&quot;}\">\n\t\t\t\t<div class=\"elementor-element elementor-element-690e58c elementor-widget elementor-widget-text-editor\" data-id=\"690e58c\" data-element_type=\"widget\" data-widget_type=\"text-editor.default\">\n\t\t\t\t<div class=\"elementor-widget-container\">\n\t\t\t<style>\/*! elementor - v3.18.0 - 20-12-2023 *\/\n.elementor-widget-text-editor.elementor-drop-cap-view-stacked .elementor-drop-cap{background-color:#69727d;color:#fff}.elementor-widget-text-editor.elementor-drop-cap-view-framed .elementor-drop-cap{color:#69727d;border:3px solid;background-color:transparent}.elementor-widget-text-editor:not(.elementor-drop-cap-view-default) .elementor-drop-cap{margin-top:8px}.elementor-widget-text-editor:not(.elementor-drop-cap-view-default) .elementor-drop-cap-letter{width:1em;height:1em}.elementor-widget-text-editor .elementor-drop-cap{float:left;text-align:center;line-height:1;font-size:50px}.elementor-widget-text-editor .elementor-drop-cap-letter{display:inline-block}<\/style>\t\t\t\t<p>Jestem kobiet\u0105 tak\u0105 jak ty, kt\u00f3ra pewnego dnia postanowi\u0142a pokocha\u0107 siebie i poszuka\u0107 tej w\u0142a\u015bciwej drogi rozwoju, wzrostu, r\u00f3wnowagi i akceptacji. Dzi\u015b organizuj\u0105c szkolenia i warsztaty ucz\u0119 kobiety jak wyznacza\u0107 i realizowa\u0107 \u017cyciowe cele, pomagam w podnoszeniu poczucia w\u0142asnej warto\u015bci inspiruj\u0105c do zmiany i poszukiwania wewn\u0119trznej harmonii.<\/p><p>Zapraszam ci\u0119 w \u015bwiadom\u0105 podr\u00f3\u017c ku odkrywaniu zasob\u00f3w i potencja\u0142u, rozwijaniu kompetencji i budowaniu relacji \u2013 na pocz\u0105tek tej najwa\u017cniejszej ZE SOB\u0104. Tw\u00f3j rozw\u00f3j osobisty to moja pasja, kt\u00f3ra wyp\u0142ywa z potrzeby poznawania siebie oraz odkrywania tajemnic ludzkiej psychiki. Jestem tu po to, by wzbudza\u0107 w tobie zaanga\u017cowanie do zmiany.<\/p><p>Uko\u0144czy\u0142am studia MBA na kierunku Przyw\u00f3dztwo i Coaching, jestem Certyfikowanym Mentorem Kognitywnym w Instytucie Kognitywistyki Macieja Bennewicza oraz Dyplomowanym Mened\u017cerem Kultury, aktualnie dyrektork\u0105 instytucji kultury \u2013 wieloletnim praktykiem zarz\u0105dzania du\u017cym zespo\u0142em i zmian\u0105, w trakcie opracowywania programu mentoringowego. Kocham moj\u0105 rodzin\u0119, uczy\u0107 si\u0119 nowych rzeczy, gr\u0119 w teatrze, dobr\u0105 literatur\u0119 i b\u0142ogi spok\u00f3j na \u0142onie natury, kt\u00f3ry pozwala mi odetchn\u0105\u0107 i tworzy\u0107 m\u00f3j autorski projekt pn. Sztuka Autonomii zrodzony z ciekawo\u015bci do ludzi, miejsc, rozwoju osobistego, psychologii, kultury i sztuki.<\/p><p>Zaufa\u0142o mi ju\u017c wiele os\u00f3b, mo\u017ce ty b\u0119dziesz kolejna (ny)?<\/p>\t\t\t\t\t\t<\/div>\n\t\t\t\t<\/div>\n\t\t\t\t<\/div>\n\t\t\t\t\t<\/div>\n\t\t\t\t<\/div>\n\t\t\t\t\t\t\t<\/div>\n\t\t","protected":false},"excerpt":{"rendered":"<p>O mnie Jestem kobiet\u0105 tak\u0105 jak ty, kt\u00f3ra pewnego dnia postanowi\u0142a pokocha\u0107 siebie i poszuka\u0107 tej w\u0142a\u015bciwej drogi rozwoju, wzrostu, r\u00f3wnowagi i akceptacji. Dzi\u015b organizuj\u0105c szkolenia i warsztaty ucz\u0119 kobiety jak wyznacza\u0107 i realizowa\u0107 \u017cyciowe cele, pomagam w podnoszeniu poczucia w\u0142asnej warto\u015bci inspiruj\u0105c do zmiany i poszukiwania wewn\u0119trznej harmonii. Zapraszam ci\u0119 w \u015bwiadom\u0105 podr\u00f3\u017c ku [&hellip;]<\/p>\n","protected":false},"author":1,"featured_media":0,"parent":0,"menu_order":0,"comment_status":"closed","ping_status":"closed","template":"elementor_header_footer","meta":{"footnotes":""},"_links":{"self":[{"href":"https:\/\/flowrozwoju.pl\/index.php\/wp-json\/wp\/v2\/pages\/113"}],"collection":[{"href":"https:\/\/flowrozwoju.pl\/index.php\/wp-json\/wp\/v2\/pages"}],"about":[{"href":"https:\/\/flowrozwoju.pl\/index.php\/wp-json\/wp\/v2\/types\/page"}],"author":[{"embeddable":true,"href":"https:\/\/flowrozwoju.pl\/index.php\/wp-json\/wp\/v2\/users\/1"}],"replies":[{"embeddable":true,"href":"https:\/\/flowrozwoju.pl\/index.php\/wp-json\/wp\/v2\/comments?post=113"}],"version-history":[{"count":7,"href":"https:\/\/flowrozwoju.pl\/index.php\/wp-json\/wp\/v2\/pages\/113\/revisions"}],"predecessor-version":[{"id":203,"href":"https:\/\/flowrozwoju.pl\/index.php\/wp-json\/wp\/v2\/pages\/113\/revisions\/203"}],"wp:attachment":[{"href":"https:\/\/flowrozwoju.pl\/index.php\/wp-json\/wp\/v2\/media?parent=113"}],"curies":[{"name":"wp","href":"https:\/\/api.w.org\/{rel}","templated":true}]}}