{"id":14,"date":"2024-01-08T09:48:20","date_gmt":"2024-01-08T09:48:20","guid":{"rendered":"https:\/\/flowrozwoju.pl\/?page_id=14"},"modified":"2024-02-14T12:43:57","modified_gmt":"2024-02-14T12:43:57","slug":"warsztaty","status":"publish","type":"page","link":"https:\/\/flowrozwoju.pl\/index.php\/warsztaty\/","title":{"rendered":"Warsztaty"},"content":{"rendered":"\t\t<div data-elementor-type=\"wp-page\" data-elementor-id=\"14\" class=\"elementor elementor-14\" data-elementor-post-type=\"page\">\n\t\t\t\t\t\t\t<div data-particle_enable=\"false\" data-particle-mobile-disabled=\"false\" class=\"elementor-element elementor-element-cd08e0a e-flex e-con-boxed e-con e-parent\" data-id=\"cd08e0a\" data-element_type=\"container\" data-settings=\"{&quot;content_width&quot;:&quot;boxed&quot;}\" data-core-v316-plus=\"true\">\n\t\t\t\t\t<div class=\"e-con-inner\">\n\t\t\t\t<div class=\"elementor-element elementor-element-55f4962 elementor-grid-2 elementor-posts--thumbnail-left elementor-grid-tablet-2 elementor-grid-mobile-1 elementor-widget elementor-widget-posts\" data-id=\"55f4962\" data-element_type=\"widget\" data-settings=\"{&quot;classic_columns&quot;:&quot;2&quot;,&quot;classic_columns_tablet&quot;:&quot;2&quot;,&quot;classic_columns_mobile&quot;:&quot;1&quot;,&quot;classic_row_gap&quot;:{&quot;unit&quot;:&quot;px&quot;,&quot;size&quot;:35,&quot;sizes&quot;:[]},&quot;classic_row_gap_tablet&quot;:{&quot;unit&quot;:&quot;px&quot;,&quot;size&quot;:&quot;&quot;,&quot;sizes&quot;:[]},&quot;classic_row_gap_mobile&quot;:{&quot;unit&quot;:&quot;px&quot;,&quot;size&quot;:&quot;&quot;,&quot;sizes&quot;:[]}}\" data-widget_type=\"posts.classic\">\n\t\t\t\t<div class=\"elementor-widget-container\">\n\t\t\t<link rel=\"stylesheet\" href=\"https:\/\/flowrozwoju.pl\/wp-content\/plugins\/elementor-pro\/assets\/css\/widget-posts.min.css\">\t\t<div class=\"elementor-posts-container elementor-posts elementor-posts--skin-classic elementor-grid\">\n\t\t\t\t<article class=\"elementor-post elementor-grid-item post-261 post type-post status-publish format-standard has-post-thumbnail hentry category-warsztaty\">\n\t\t\t\t<a class=\"elementor-post__thumbnail__link\" href=\"https:\/\/flowrozwoju.pl\/index.php\/2024\/08\/27\/podroz-do-wnetrza-siebie\/\" tabindex=\"-1\" >\n\t\t\t<div class=\"elementor-post__thumbnail\"><img fetchpriority=\"high\" decoding=\"async\" width=\"800\" height=\"500\" src=\"https:\/\/flowrozwoju.pl\/wp-content\/uploads\/2024\/08\/warsztaty_b.jpg\" class=\"attachment-full size-full wp-image-269\" alt=\"\" srcset=\"https:\/\/flowrozwoju.pl\/wp-content\/uploads\/2024\/08\/warsztaty_b.jpg 800w, https:\/\/flowrozwoju.pl\/wp-content\/uploads\/2024\/08\/warsztaty_b-300x188.jpg 300w, https:\/\/flowrozwoju.pl\/wp-content\/uploads\/2024\/08\/warsztaty_b-768x480.jpg 768w\" sizes=\"(max-width: 800px) 100vw, 800px\" \/><\/div>\n\t\t<\/a>\n\t\t\t\t<div class=\"elementor-post__text\">\n\t\t\t\t<h3 class=\"elementor-post__title\">\n\t\t\t<a href=\"https:\/\/flowrozwoju.pl\/index.php\/2024\/08\/27\/podroz-do-wnetrza-siebie\/\" >\n\t\t\t\tPodr\u00f3\u017c do wn\u0119trza siebie\t\t\t<\/a>\n\t\t<\/h3>\n\t\t\t\t<div class=\"elementor-post__meta-data\">\n\t\t\t\t\t<span class=\"elementor-post-date\">\n\t\t\t27 sierpnia, 2024\t\t<\/span>\n\t\t\t\t<\/div>\n\t\t\t\t<div class=\"elementor-post__excerpt\">\n\t\t\t<p>Podr\u00f3\u017c do wn\u0119trza siebie &#8211; 12\/13 pa\u017adziernikaWarsztaty Psychologiczno-Coachingowe Mam przyjemno\u015b\u0107 by\u0107 wsp\u00f3\u0142prowadz\u0105c\u0105 wydarzenie Strefy Kontaktu. Otoczeni pi\u0119knem przyrody zapraszamy Ci\u0119 do wyj\u0105tkowego do\u015bwiadczenia, kt\u00f3re pomo\u017ce<\/p>\n\t\t<\/div>\n\t\t\n\t\t<a class=\"elementor-post__read-more\" href=\"https:\/\/flowrozwoju.pl\/index.php\/2024\/08\/27\/podroz-do-wnetrza-siebie\/\" aria-label=\"Read more about Podr\u00f3\u017c do wn\u0119trza siebie\" tabindex=\"-1\" >\n\t\t\tCzytaj wi\u0119cej \u00bb\t\t<\/a>\n\n\t\t\t\t<\/div>\n\t\t\t\t<\/article>\n\t\t\t\t<article class=\"elementor-post elementor-grid-item post-241 post type-post status-publish format-standard has-post-thumbnail hentry category-warsztaty\">\n\t\t\t\t<a class=\"elementor-post__thumbnail__link\" href=\"https:\/\/flowrozwoju.pl\/index.php\/2024\/02\/14\/sztuka-harmonii\/\" tabindex=\"-1\" >\n\t\t\t<div class=\"elementor-post__thumbnail\"><img decoding=\"async\" width=\"800\" height=\"500\" src=\"https:\/\/flowrozwoju.pl\/wp-content\/uploads\/2024\/02\/zadbaj-o-siebie.jpg\" class=\"attachment-full size-full wp-image-249\" alt=\"\" srcset=\"https:\/\/flowrozwoju.pl\/wp-content\/uploads\/2024\/02\/zadbaj-o-siebie.jpg 800w, https:\/\/flowrozwoju.pl\/wp-content\/uploads\/2024\/02\/zadbaj-o-siebie-300x188.jpg 300w, https:\/\/flowrozwoju.pl\/wp-content\/uploads\/2024\/02\/zadbaj-o-siebie-768x480.jpg 768w\" sizes=\"(max-width: 800px) 100vw, 800px\" \/><\/div>\n\t\t<\/a>\n\t\t\t\t<div class=\"elementor-post__text\">\n\t\t\t\t<h3 class=\"elementor-post__title\">\n\t\t\t<a href=\"https:\/\/flowrozwoju.pl\/index.php\/2024\/02\/14\/sztuka-harmonii\/\" >\n\t\t\t\tSztuka Harmonii\t\t\t<\/a>\n\t\t<\/h3>\n\t\t\t\t<div class=\"elementor-post__meta-data\">\n\t\t\t\t\t<span class=\"elementor-post-date\">\n\t\t\t14 lutego, 2024\t\t<\/span>\n\t\t\t\t<\/div>\n\t\t\t\t<div class=\"elementor-post__excerpt\">\n\t\t\t<p>Warsztaty Psychologiczno \u2013 Rozwojowe dla kobiet 13-14 kwietniaWeranda Home, P\u0142otki 14, 62-085 S\u0142awica Przychodzi taki dzie\u0144, gdzie\u015b w \u015brodku \u017cycia ka\u017cdej kobiety, kiedy sama Matka<\/p>\n\t\t<\/div>\n\t\t\n\t\t<a class=\"elementor-post__read-more\" href=\"https:\/\/flowrozwoju.pl\/index.php\/2024\/02\/14\/sztuka-harmonii\/\" aria-label=\"Read more about Sztuka Harmonii\" tabindex=\"-1\" >\n\t\t\tCzytaj wi\u0119cej \u00bb\t\t<\/a>\n\n\t\t\t\t<\/div>\n\t\t\t\t<\/article>\n\t\t\t\t<article class=\"elementor-post elementor-grid-item post-236 post type-post status-publish format-standard has-post-thumbnail hentry category-warsztaty\">\n\t\t\t\t<a class=\"elementor-post__thumbnail__link\" href=\"https:\/\/flowrozwoju.pl\/index.php\/2024\/02\/08\/droga-do-siebie-opinie\/\" tabindex=\"-1\" >\n\t\t\t<div class=\"elementor-post__thumbnail\"><img decoding=\"async\" width=\"800\" height=\"500\" src=\"https:\/\/flowrozwoju.pl\/wp-content\/uploads\/2024\/01\/warsztaty_1.jpg\" class=\"attachment-full size-full wp-image-139\" alt=\"\" srcset=\"https:\/\/flowrozwoju.pl\/wp-content\/uploads\/2024\/01\/warsztaty_1.jpg 800w, https:\/\/flowrozwoju.pl\/wp-content\/uploads\/2024\/01\/warsztaty_1-300x188.jpg 300w, https:\/\/flowrozwoju.pl\/wp-content\/uploads\/2024\/01\/warsztaty_1-768x480.jpg 768w\" sizes=\"(max-width: 800px) 100vw, 800px\" \/><\/div>\n\t\t<\/a>\n\t\t\t\t<div class=\"elementor-post__text\">\n\t\t\t\t<h3 class=\"elementor-post__title\">\n\t\t\t<a href=\"https:\/\/flowrozwoju.pl\/index.php\/2024\/02\/08\/droga-do-siebie-opinie\/\" >\n\t\t\t\tDroga do Siebie &#8211; Opinie\t\t\t<\/a>\n\t\t<\/h3>\n\t\t\t\t<div class=\"elementor-post__meta-data\">\n\t\t\t\t\t<span class=\"elementor-post-date\">\n\t\t\t8 lutego, 2024\t\t<\/span>\n\t\t\t\t<\/div>\n\t\t\t\t<div class=\"elementor-post__excerpt\">\n\t\t\t<p>Opinie uczestniczek o naszych warsztatach: Dzi\u0119kujemy z ca\u0142ego serca za pozytywny feedback. Dzi\u0119kuj\u0119 Wam serdecznie dziewczyny za \u015bwietne, profesjonalne warsztaty, za klimat, kt\u00f3ry stworzy\u0142y\u015bcie. I<\/p>\n\t\t<\/div>\n\t\t\n\t\t<a class=\"elementor-post__read-more\" href=\"https:\/\/flowrozwoju.pl\/index.php\/2024\/02\/08\/droga-do-siebie-opinie\/\" aria-label=\"Read more about Droga do Siebie &#8211; Opinie\" tabindex=\"-1\" >\n\t\t\tCzytaj wi\u0119cej \u00bb\t\t<\/a>\n\n\t\t\t\t<\/div>\n\t\t\t\t<\/article>\n\t\t\t\t<article class=\"elementor-post elementor-grid-item post-140 post type-post status-publish format-standard has-post-thumbnail hentry category-warsztaty\">\n\t\t\t\t<a class=\"elementor-post__thumbnail__link\" href=\"https:\/\/flowrozwoju.pl\/index.php\/2024\/01\/29\/droga-do-siebie\/\" tabindex=\"-1\" >\n\t\t\t<div class=\"elementor-post__thumbnail\"><img decoding=\"async\" width=\"800\" height=\"500\" src=\"https:\/\/flowrozwoju.pl\/wp-content\/uploads\/2024\/01\/warsztaty_1.jpg\" class=\"attachment-full size-full wp-image-139\" alt=\"\" srcset=\"https:\/\/flowrozwoju.pl\/wp-content\/uploads\/2024\/01\/warsztaty_1.jpg 800w, https:\/\/flowrozwoju.pl\/wp-content\/uploads\/2024\/01\/warsztaty_1-300x188.jpg 300w, https:\/\/flowrozwoju.pl\/wp-content\/uploads\/2024\/01\/warsztaty_1-768x480.jpg 768w\" sizes=\"(max-width: 800px) 100vw, 800px\" \/><\/div>\n\t\t<\/a>\n\t\t\t\t<div class=\"elementor-post__text\">\n\t\t\t\t<h3 class=\"elementor-post__title\">\n\t\t\t<a href=\"https:\/\/flowrozwoju.pl\/index.php\/2024\/01\/29\/droga-do-siebie\/\" >\n\t\t\t\tDroga do Siebie\t\t\t<\/a>\n\t\t<\/h3>\n\t\t\t\t<div class=\"elementor-post__meta-data\">\n\t\t\t\t\t<span class=\"elementor-post-date\">\n\t\t\t29 stycznia, 2024\t\t<\/span>\n\t\t\t\t<\/div>\n\t\t\t\t<div class=\"elementor-post__excerpt\">\n\t\t\t<p>Warsztaty psychologiczno &#8211; rozwojowe dla kobiet 18-19 listopadaWeranda Home, P\u0142otki 14, 62-085 S\u0142awica \u201eNie ma we wszech\u015bwiecie nic prostszego, cenniejszego i zarazem trudniejszego, ni\u017c jeden<\/p>\n\t\t<\/div>\n\t\t\n\t\t<a class=\"elementor-post__read-more\" href=\"https:\/\/flowrozwoju.pl\/index.php\/2024\/01\/29\/droga-do-siebie\/\" aria-label=\"Read more about Droga do Siebie\" tabindex=\"-1\" >\n\t\t\tCzytaj wi\u0119cej \u00bb\t\t<\/a>\n\n\t\t\t\t<\/div>\n\t\t\t\t<\/article>\n\t\t\t\t<\/div>\n\t\t\n\t\t\t\t<\/div>\n\t\t\t\t<\/div>\n\t\t\t\t\t<\/div>\n\t\t\t\t<\/div>\n\t\t\t\t\t\t\t<\/div>\n\t\t","protected":false},"excerpt":{"rendered":"","protected":false},"author":1,"featured_media":0,"parent":0,"menu_order":0,"comment_status":"closed","ping_status":"closed","template":"","meta":{"footnotes":""},"_links":{"self":[{"href":"https:\/\/flowrozwoju.pl\/index.php\/wp-json\/wp\/v2\/pages\/14"}],"collection":[{"href":"https:\/\/flowrozwoju.pl\/index.php\/wp-json\/wp\/v2\/pages"}],"about":[{"href":"https:\/\/flowrozwoju.pl\/index.php\/wp-json\/wp\/v2\/types\/page"}],"author":[{"embeddable":true,"href":"https:\/\/flowrozwoju.pl\/index.php\/wp-json\/wp\/v2\/users\/1"}],"replies":[{"embeddable":true,"href":"https:\/\/flowrozwoju.pl\/index.php\/wp-json\/wp\/v2\/comments?post=14"}],"version-history":[{"count":7,"href":"https:\/\/flowrozwoju.pl\/index.php\/wp-json\/wp\/v2\/pages\/14\/revisions"}],"predecessor-version":[{"id":252,"href":"https:\/\/flowrozwoju.pl\/index.php\/wp-json\/wp\/v2\/pages\/14\/revisions\/252"}],"wp:attachment":[{"href":"https:\/\/flowrozwoju.pl\/index.php\/wp-json\/wp\/v2\/media?parent=14"}],"curies":[{"name":"wp","href":"https:\/\/api.w.org\/{rel}","templated":true}]}}