{"id":25,"date":"2024-01-08T09:50:33","date_gmt":"2024-01-08T09:50:33","guid":{"rendered":"https:\/\/flowrozwoju.pl\/?page_id=25"},"modified":"2024-09-18T12:07:14","modified_gmt":"2024-09-18T12:07:14","slug":"mentoring","status":"publish","type":"page","link":"https:\/\/flowrozwoju.pl\/index.php\/kategorie\/mentoring\/","title":{"rendered":"Mentoring"},"content":{"rendered":"\t\t<div data-elementor-type=\"wp-page\" data-elementor-id=\"25\" class=\"elementor elementor-25\" data-elementor-post-type=\"page\">\n\t\t\t\t\t\t\t<div data-particle_enable=\"false\" data-particle-mobile-disabled=\"false\" class=\"elementor-element elementor-element-0835338 e-flex e-con-boxed e-con e-parent\" data-id=\"0835338\" data-element_type=\"container\" data-settings=\"{&quot;content_width&quot;:&quot;boxed&quot;}\" data-core-v316-plus=\"true\">\n\t\t\t\t\t<div class=\"e-con-inner\">\n\t\t\t\t<div class=\"elementor-element elementor-element-defbdd2 elementor-widget elementor-widget-heading\" data-id=\"defbdd2\" data-element_type=\"widget\" data-widget_type=\"heading.default\">\n\t\t\t\t<div class=\"elementor-widget-container\">\n\t\t\t<style>\/*! elementor - v3.18.0 - 20-12-2023 *\/\n.elementor-heading-title{padding:0;margin:0;line-height:1}.elementor-widget-heading .elementor-heading-title[class*=elementor-size-]>a{color:inherit;font-size:inherit;line-height:inherit}.elementor-widget-heading .elementor-heading-title.elementor-size-small{font-size:15px}.elementor-widget-heading .elementor-heading-title.elementor-size-medium{font-size:19px}.elementor-widget-heading .elementor-heading-title.elementor-size-large{font-size:29px}.elementor-widget-heading .elementor-heading-title.elementor-size-xl{font-size:39px}.elementor-widget-heading .elementor-heading-title.elementor-size-xxl{font-size:59px}<\/style><h2 class=\"elementor-heading-title elementor-size-default\">Mentoring<\/h2>\t\t<\/div>\n\t\t\t\t<\/div>\n\t\t\t\t\t<\/div>\n\t\t\t\t<\/div>\n\t\t<div data-particle_enable=\"false\" data-particle-mobile-disabled=\"false\" class=\"elementor-element elementor-element-90d7f6f e-flex e-con-boxed e-con e-parent\" data-id=\"90d7f6f\" data-element_type=\"container\" data-settings=\"{&quot;content_width&quot;:&quot;boxed&quot;}\" data-core-v316-plus=\"true\">\n\t\t\t\t\t<div class=\"e-con-inner\">\n\t\t\t\t<div class=\"elementor-element elementor-element-0e98215 elementor-blockquote--skin-quotation elementor-blockquote--align-center elementor-blockquote--button-color-official elementor-widget elementor-widget-blockquote\" data-id=\"0e98215\" data-element_type=\"widget\" data-widget_type=\"blockquote.default\">\n\t\t\t\t<div class=\"elementor-widget-container\">\n\t\t\t<style>\/*! elementor-pro - v3.18.0 - 20-12-2023 *\/\n@charset \"UTF-8\";.entry-content blockquote.elementor-blockquote:not(.alignright):not(.alignleft),.entry-summary blockquote.elementor-blockquote{margin-right:0;margin-left:0}.elementor-widget-blockquote blockquote{margin:0;padding:0;outline:0;font-size:100%;vertical-align:baseline;background:transparent;quotes:none;border:0;font-style:normal;color:#3f444b}.elementor-widget-blockquote blockquote .e-q-footer:after,.elementor-widget-blockquote blockquote .e-q-footer:before,.elementor-widget-blockquote blockquote:after,.elementor-widget-blockquote blockquote:before,.elementor-widget-blockquote blockquote cite:after,.elementor-widget-blockquote blockquote cite:before{content:none}.elementor-blockquote{transition:.3s}.elementor-blockquote__author,.elementor-blockquote__content{margin-bottom:0;font-style:normal}.elementor-blockquote__author{font-weight:700}.elementor-blockquote .e-q-footer{margin-top:12px;display:flex;justify-content:space-between}.elementor-blockquote__tweet-button{display:flex;transition:.3s;color:#1da1f2;align-self:flex-end;line-height:1;position:relative;width:-moz-max-content;width:max-content}.elementor-blockquote__tweet-button:hover{color:#0967a0}.elementor-blockquote__tweet-button span{font-weight:600}.elementor-blockquote__tweet-button i,.elementor-blockquote__tweet-button span{vertical-align:middle}.elementor-blockquote__tweet-button i+span,.elementor-blockquote__tweet-button svg+span{margin-left:.5em}.elementor-blockquote__tweet-button svg{fill:#1da1f2;height:1em;width:1em}.elementor-blockquote__tweet-label{white-space:pre-wrap}.elementor-blockquote--button-skin-bubble .elementor-blockquote__tweet-button,.elementor-blockquote--button-skin-classic .elementor-blockquote__tweet-button{padding:.7em 1.2em;border-radius:100em;background-color:#1da1f2;color:#fff;font-size:15px}.elementor-blockquote--button-skin-bubble .elementor-blockquote__tweet-button:hover,.elementor-blockquote--button-skin-classic .elementor-blockquote__tweet-button:hover{background-color:#0967a0;color:#fff}.elementor-blockquote--button-skin-bubble .elementor-blockquote__tweet-button:hover:before,.elementor-blockquote--button-skin-classic .elementor-blockquote__tweet-button:hover:before{border-right-color:#0967a0}.elementor-blockquote--button-skin-bubble .elementor-blockquote__tweet-button svg,.elementor-blockquote--button-skin-classic .elementor-blockquote__tweet-button svg{fill:#fff;height:1em;width:1em}.elementor-blockquote--button-skin-bubble.elementor-blockquote--button-view-icon .elementor-blockquote__tweet-button,.elementor-blockquote--button-skin-classic.elementor-blockquote--button-view-icon .elementor-blockquote__tweet-button{padding:0;width:2em;height:2em}.elementor-blockquote--button-skin-bubble.elementor-blockquote--button-view-icon .elementor-blockquote__tweet-button i,.elementor-blockquote--button-skin-classic.elementor-blockquote--button-view-icon .elementor-blockquote__tweet-button i{position:absolute;left:50%;top:50%;transform:translate(-50%,-50%)}.elementor-blockquote--button-skin-bubble .elementor-blockquote__tweet-button:before{content:\"\";border:.5em solid transparent;border-right-color:#1da1f2;position:absolute;left:-.8em;top:50%;transform:translateY(-50%) scaleY(.65);transition:.3s}.elementor-blockquote--button-skin-bubble.elementor-blockquote--align-left .elementor-blockquote__tweet-button:before{right:auto;left:-.8em;border-right-color:#1da1f2;border-left-color:transparent}.elementor-blockquote--button-skin-bubble.elementor-blockquote--align-left .elementor-blockquote__tweet-button:hover:before{border-right-color:#0967a0}.elementor-blockquote--button-skin-bubble.elementor-blockquote--align-right .elementor-blockquote__tweet-button:before{left:auto;right:-.8em;border-right-color:transparent;border-left-color:#1da1f2}.elementor-blockquote--button-skin-bubble.elementor-blockquote--align-right .elementor-blockquote__tweet-button:hover:before{border-left-color:#0967a0}.elementor-blockquote--skin-boxed .elementor-blockquote{background-color:#f9fafa;padding:30px}.elementor-blockquote--skin-border .elementor-blockquote{border-color:#f9fafa;border-left:7px #f9fafa;border-style:solid;padding-left:20px}.elementor-blockquote--skin-quotation .elementor-blockquote:before{content:\"\u201c\";font-size:100px;color:#f9fafa;font-family:Times New Roman,Times,serif;font-weight:900;line-height:1;display:block;height:.6em}.elementor-blockquote--skin-quotation .elementor-blockquote__content{margin-top:15px}.elementor-blockquote--align-left .elementor-blockquote__content{text-align:left}.elementor-blockquote--align-left .elementor-blockquote .e-q-footer{flex-direction:row}.elementor-blockquote--align-right .elementor-blockquote__content{text-align:right}.elementor-blockquote--align-right .elementor-blockquote .e-q-footer{flex-direction:row-reverse}.elementor-blockquote--align-center .elementor-blockquote{text-align:center}.elementor-blockquote--align-center .elementor-blockquote .e-q-footer,.elementor-blockquote--align-center .elementor-blockquote__author{display:block}.elementor-blockquote--align-center .elementor-blockquote__tweet-button{margin-right:auto;margin-left:auto}<\/style>\t\t<blockquote class=\"elementor-blockquote\">\n\t\t\t<p class=\"elementor-blockquote__content\">\n\t\t\t\tB\u0105d\u017a zmian\u0105, kt\u00f3r\u0105 pragniesz ujrze\u0107 w \u015bwiecie\t\t\t<\/p>\n\t\t\t\t\t<\/blockquote>\n\t\t\t\t<\/div>\n\t\t\t\t<\/div>\n\t\t\t\t\t<\/div>\n\t\t\t\t<\/div>\n\t\t<div data-particle_enable=\"false\" data-particle-mobile-disabled=\"false\" class=\"elementor-element elementor-element-4b9939a e-flex e-con-boxed e-con e-parent\" data-id=\"4b9939a\" data-element_type=\"container\" data-settings=\"{&quot;content_width&quot;:&quot;boxed&quot;}\" data-core-v316-plus=\"true\">\n\t\t\t\t\t<div class=\"e-con-inner\">\n\t\t\t\t<div class=\"elementor-element elementor-element-cb8dc57 elementor-widget elementor-widget-text-editor\" data-id=\"cb8dc57\" data-element_type=\"widget\" data-widget_type=\"text-editor.default\">\n\t\t\t\t<div class=\"elementor-widget-container\">\n\t\t\t<style>\/*! elementor - v3.18.0 - 20-12-2023 *\/\n.elementor-widget-text-editor.elementor-drop-cap-view-stacked .elementor-drop-cap{background-color:#69727d;color:#fff}.elementor-widget-text-editor.elementor-drop-cap-view-framed .elementor-drop-cap{color:#69727d;border:3px solid;background-color:transparent}.elementor-widget-text-editor:not(.elementor-drop-cap-view-default) .elementor-drop-cap{margin-top:8px}.elementor-widget-text-editor:not(.elementor-drop-cap-view-default) .elementor-drop-cap-letter{width:1em;height:1em}.elementor-widget-text-editor .elementor-drop-cap{float:left;text-align:center;line-height:1;font-size:50px}.elementor-widget-text-editor .elementor-drop-cap-letter{display:inline-block}<\/style>\t\t\t\t<p>Mentoring to proces, w kt\u00f3rym chc\u0119 wspiera\u0107 tw\u00f3j rozw\u00f3j odkrywaj\u0105c talenty, umiej\u0119tno\u015bci i zasoby. Mam bogate do\u015bwiadczenie zawodowe w rozwijaniu kompetencji, prowadzeniu mediacji i wiedz\u0119, kt\u00f3r\u0105 mog\u0119 si\u0119 z tob\u0105 podzieli\u0107, aby\u015b mog\u0142a\/m\u00f3g\u0142 osi\u0105gn\u0105\u0107 cele zawodowe i osobiste. Nasza relacja oparta b\u0119dzie na zaufaniu, empatii i szacunku. Pomog\u0119 ci skupi\u0107 si\u0119 na tym, co jest naprawd\u0119 wa\u017cne, podnie\u015b\u0107 poczucie w\u0142asnej warto\u015bci, inspiruj\u0105c do zmiany i dalszego rozwoju osobistego. Wierz\u0119 w Ciebie i twoje mo\u017cliwo\u015bci.<\/p>\t\t\t\t\t\t<\/div>\n\t\t\t\t<\/div>\n\t\t\t\t<div class=\"elementor-element elementor-element-3a24999 elementor-widget elementor-widget-heading\" data-id=\"3a24999\" data-element_type=\"widget\" data-widget_type=\"heading.default\">\n\t\t\t\t<div class=\"elementor-widget-container\">\n\t\t\t<h2 class=\"elementor-heading-title elementor-size-default\">Natalia<\/h2>\t\t<\/div>\n\t\t\t\t<\/div>\n\t\t\t\t\t<\/div>\n\t\t\t\t<\/div>\n\t\t<div data-particle_enable=\"false\" data-particle-mobile-disabled=\"false\" class=\"elementor-element elementor-element-820043c elementor-hidden-desktop elementor-hidden-tablet elementor-hidden-mobile e-flex e-con-boxed e-con e-parent\" data-id=\"820043c\" data-element_type=\"container\" data-settings=\"{&quot;content_width&quot;:&quot;boxed&quot;}\" data-core-v316-plus=\"true\">\n\t\t\t\t\t<div class=\"e-con-inner\">\n\t\t\t\t<div class=\"elementor-element elementor-element-59a44b0 elementor-view-default elementor-position-top elementor-mobile-position-top elementor-widget elementor-widget-icon-box\" data-id=\"59a44b0\" data-element_type=\"widget\" data-widget_type=\"icon-box.default\">\n\t\t\t\t<div class=\"elementor-widget-container\">\n\t\t\t<link rel=\"stylesheet\" href=\"https:\/\/flowrozwoju.pl\/wp-content\/plugins\/elementor\/assets\/css\/widget-icon-box.min.css\">\t\t<div class=\"elementor-icon-box-wrapper\">\n\t\t\t\t\t\t<div class=\"elementor-icon-box-icon\">\n\t\t\t\t<span  class=\"elementor-icon elementor-animation-\">\n\t\t\t\t<svg xmlns=\"http:\/\/www.w3.org\/2000\/svg\" xmlns:xlink=\"http:\/\/www.w3.org\/1999\/xlink\" id=\"Capa_1\" x=\"0px\" y=\"0px\" viewBox=\"0 0 511.966 511.966\" style=\"enable-background:new 0 0 511.966 511.966;\" xml:space=\"preserve\"><g>\t<g>\t\t<g>\t\t\t<path d=\"M511.864,195.717c-0.053-0.588-0.17-1.169-0.35-1.732c-0.186-1.037-0.659-2.001-1.365-2.782     c-0.331-0.474-0.708-0.915-1.126-1.314c-0.145-0.119-0.205-0.29-0.35-0.401l-82.039-63.735V59.696     c0-14.138-11.462-25.6-25.6-25.6h-92.476L271.531,5.347c-9.15-7.125-21.971-7.125-31.121,0l-37.035,28.749h-92.476     c-14.138,0-25.6,11.461-25.6,25.6v66.057L3.26,189.488c-0.145,0.111-0.205,0.282-0.35,0.401c-0.418,0.4-0.795,0.84-1.126,1.314     c-0.323,0.412-0.608,0.852-0.853,1.314c-0.201,0.475-0.361,0.966-0.478,1.468c-0.178,0.555-0.295,1.127-0.35,1.707     c0,0.179-0.102,0.333-0.102,0.512v290.159c0.014,5.426,1.766,10.705,5.001,15.061c0.051,0.077,0.06,0.162,0.119,0.239     c0.06,0.077,0.196,0.145,0.273,0.239c4.794,6.307,12.25,10.026,20.173,10.061h460.8c7.956-0.023,15.444-3.764,20.241-10.112     c0.068-0.077,0.171-0.102,0.239-0.188c0.068-0.085,0.068-0.162,0.119-0.239c3.234-4.357,4.987-9.635,5-15.061V196.229     C511.966,196.05,511.872,195.896,511.864,195.717z M250.846,18.813c2.985-2.355,7.195-2.355,10.18,0l19.686,15.283h-49.493     L250.846,18.813z M27.716,494.896l223.13-173.321c2.98-2.368,7.2-2.368,10.18,0l223.189,173.321H27.716z M494.899,481.584     L271.531,308.11c-9.146-7.137-21.975-7.137-31.121,0L17.033,481.584V209.226l139.836,108.578c3.726,2.823,9.03,2.123,11.896-1.57     c2.866-3.693,2.227-9.005-1.434-11.913L25.276,194.011l60.023-46.643v65.929c0,4.713,3.821,8.533,8.533,8.533     c4.713,0,8.533-3.821,8.533-8.533v-153.6c0-4.713,3.82-8.533,8.533-8.533h290.133c4.713,0,8.533,3.82,8.533,8.533v153.6     c0,4.713,3.82,8.533,8.533,8.533s8.533-3.821,8.533-8.533v-65.929l60.023,46.643L344.354,304.517     c-3.726,2.889-4.404,8.251-1.515,11.977c2.889,3.726,8.251,4.404,11.977,1.515l140.083-108.783V481.584z\"><\/path>\t\t\t<path d=\"M339.679,113.832C335.053,96.521,321.532,83,304.221,78.375c-17.311-4.625-35.774,0.351-48.417,13.048l-5.871,5.871     c-2.218,2.143-3.108,5.315-2.327,8.299c0.781,2.984,3.111,5.313,6.094,6.094c2.983,0.781,6.156-0.109,8.299-2.327v0.009     l5.879-5.871c8.243-8.773,20.607-12.364,32.267-9.372c11.66,2.992,20.767,12.093,23.768,23.75     c3,11.658-0.582,24.025-9.349,32.274l-23.501,23.501c-7.022,6.991-16.807,10.468-26.665,9.476     c-9.859-0.991-18.755-6.347-24.244-14.596c-2.609-3.926-7.906-4.994-11.831-2.385c-3.926,2.609-4.994,7.906-2.385,11.831     c8.314,12.52,21.805,20.651,36.758,22.155c14.953,1.504,29.793-3.777,40.434-14.39l23.501-23.492     C339.328,149.607,344.304,131.144,339.679,113.832z\"><\/path>\t\t\t<path d=\"M249.933,214.823l-5.879,5.871c-8.243,8.773-20.607,12.364-32.267,9.372c-11.66-2.992-20.767-12.093-23.768-23.75     s0.582-24.025,9.349-32.274l23.501-23.501c7.022-6.991,16.807-10.468,26.665-9.476c9.859,0.991,18.755,6.347,24.244,14.596     c2.609,3.926,7.906,4.994,11.831,2.385c3.926-2.609,4.994-7.906,2.385-11.831c-8.322-12.509-21.811-20.632-36.76-22.136     c-14.949-1.504-29.786,3.769-40.432,14.37l-23.501,23.492c-14.317,14.324-18.598,35.861-10.847,54.572     c7.751,18.711,26.008,30.911,46.26,30.915c13.29,0.038,26.043-5.245,35.413-14.669l5.871-5.871     c3.234-3.348,3.188-8.671-0.104-11.962C258.603,211.636,253.281,211.589,249.933,214.823z\"><\/path>\t\t<\/g>\t<\/g><\/g><g><\/g><g><\/g><g><\/g><g><\/g><g><\/g><g><\/g><g><\/g><g><\/g><g><\/g><g><\/g><g><\/g><g><\/g><g><\/g><g><\/g><g><\/g><\/svg>\t\t\t\t<\/span>\n\t\t\t<\/div>\n\t\t\t\t\t\t<div class=\"elementor-icon-box-content\">\n\t\t\t\t<h3 class=\"elementor-icon-box-title\">\n\t\t\t\t\t<span  >\n\t\t\t\t\t\tNapisz do mnie!\t\t\t\t\t<\/span>\n\t\t\t\t<\/h3>\n\t\t\t\t\t\t\t\t\t<p class=\"elementor-icon-box-description\">\n\t\t\t\t\t\tkontakt@sztukaautonomii.pl\t\t\t\t\t<\/p>\n\t\t\t\t\t\t\t<\/div>\n\t\t<\/div>\n\t\t\t\t<\/div>\n\t\t\t\t<\/div>\n\t\t\t\t\t<\/div>\n\t\t\t\t<\/div>\n\t\t\t\t\t\t\t<\/div>\n\t\t","protected":false},"excerpt":{"rendered":"<p>Mentoring B\u0105d\u017a zmian\u0105, kt\u00f3r\u0105 pragniesz ujrze\u0107 w \u015bwiecie Mentoring to proces, w kt\u00f3rym chc\u0119 wspiera\u0107 tw\u00f3j rozw\u00f3j odkrywaj\u0105c talenty, umiej\u0119tno\u015bci i zasoby. Mam bogate do\u015bwiadczenie zawodowe w rozwijaniu kompetencji, prowadzeniu mediacji i wiedz\u0119, kt\u00f3r\u0105 mog\u0119 si\u0119 z tob\u0105 podzieli\u0107, aby\u015b mog\u0142a\/m\u00f3g\u0142 osi\u0105gn\u0105\u0107 cele zawodowe i osobiste. Nasza relacja oparta b\u0119dzie na zaufaniu, empatii i szacunku. [&hellip;]<\/p>\n","protected":false},"author":1,"featured_media":0,"parent":23,"menu_order":0,"comment_status":"closed","ping_status":"closed","template":"elementor_header_footer","meta":{"footnotes":""},"_links":{"self":[{"href":"https:\/\/flowrozwoju.pl\/index.php\/wp-json\/wp\/v2\/pages\/25"}],"collection":[{"href":"https:\/\/flowrozwoju.pl\/index.php\/wp-json\/wp\/v2\/pages"}],"about":[{"href":"https:\/\/flowrozwoju.pl\/index.php\/wp-json\/wp\/v2\/types\/page"}],"author":[{"embeddable":true,"href":"https:\/\/flowrozwoju.pl\/index.php\/wp-json\/wp\/v2\/users\/1"}],"replies":[{"embeddable":true,"href":"https:\/\/flowrozwoju.pl\/index.php\/wp-json\/wp\/v2\/comments?post=25"}],"version-history":[{"count":10,"href":"https:\/\/flowrozwoju.pl\/index.php\/wp-json\/wp\/v2\/pages\/25\/revisions"}],"predecessor-version":[{"id":280,"href":"https:\/\/flowrozwoju.pl\/index.php\/wp-json\/wp\/v2\/pages\/25\/revisions\/280"}],"up":[{"embeddable":true,"href":"https:\/\/flowrozwoju.pl\/index.php\/wp-json\/wp\/v2\/pages\/23"}],"wp:attachment":[{"href":"https:\/\/flowrozwoju.pl\/index.php\/wp-json\/wp\/v2\/media?parent=25"}],"curies":[{"name":"wp","href":"https:\/\/api.w.org\/{rel}","templated":true}]}}